{"id":21552,"date":"2025-07-03T14:33:01","date_gmt":"2025-07-03T14:33:01","guid":{"rendered":"https:\/\/abimaja.ee\/%d0%b7%d0%b8%d0%bc%d0%b0-%d0%b8-%d1%81%d0%b5%d0%b7%d0%be%d0%bd%d0%bd%d1%8b%d0%b5-%d1%83%d1%81%d0%bb%d1%83%d0%b3%d0%b8\/"},"modified":"2025-11-18T16:43:58","modified_gmt":"2025-11-18T16:43:58","slug":"zima-i-sezonnie-uslugi","status":"publish","type":"page","link":"https:\/\/abimaja.ee\/ru\/zima-i-sezonnie-uslugi\/","title":{"rendered":"\u0417\u0438\u043c\u0430 \u0438 \u0441\u0435\u0437\u043e\u043d\u043d\u044b\u0435 \u0443\u0441\u043b\u0443\u0433\u0438"},"content":{"rendered":"\t\t<div data-elementor-type=\"wp-page\" data-elementor-id=\"21552\" class=\"elementor elementor-21552 elementor-21547\" data-elementor-post-type=\"page\">\n\t\t\t\t\t\t<section class=\"elementor-section elementor-top-section elementor-element elementor-element-0de065f elementor-section-boxed elementor-section-height-default elementor-section-height-default sc_fly_static\" data-id=\"0de065f\" data-element_type=\"section\">\n\t\t\t\t\t\t<div class=\"elementor-container elementor-column-gap-extended\">\n\t\t\t\t\t<div class=\"elementor-column elementor-col-100 elementor-top-column elementor-element elementor-element-a53fea6 sc_content_align_inherit sc_layouts_column_icons_position_left sc_fly_static\" data-id=\"a53fea6\" data-element_type=\"column\">\n\t\t\t<div class=\"elementor-widget-wrap elementor-element-populated\">\n\t\t\t\t\t\t<div class=\"elementor-element elementor-element-89640cb sc_height_huge sc_fly_static elementor-widget elementor-widget-spacer\" data-id=\"89640cb\" data-element_type=\"widget\" data-widget_type=\"spacer.default\">\n\t\t\t\t<div class=\"elementor-widget-container\">\n\t\t\t\t\t\t\t<div class=\"elementor-spacer\">\n\t\t\t<div class=\"elementor-spacer-inner\"><\/div>\n\t\t<\/div>\n\t\t\t\t\t\t<\/div>\n\t\t\t\t<\/div>\n\t\t\t\t\t<\/div>\n\t\t<\/div>\n\t\t\t\t\t<\/div>\n\t\t<\/section>\n\t\t\t\t<section class=\"elementor-section elementor-top-section elementor-element elementor-element-8b0d338 elementor-section-boxed elementor-section-height-default elementor-section-height-default sc_fly_static\" data-id=\"8b0d338\" data-element_type=\"section\">\n\t\t\t\t\t\t<div class=\"elementor-container elementor-column-gap-extended\">\n\t\t\t\t\t<div class=\"elementor-column elementor-col-100 elementor-top-column elementor-element elementor-element-4a7887f sc_content_align_inherit sc_layouts_column_icons_position_left sc_fly_static\" data-id=\"4a7887f\" data-element_type=\"column\">\n\t\t\t<div class=\"elementor-widget-wrap elementor-element-populated\">\n\t\t\t\t\t\t<div class=\"elementor-element elementor-element-3b3b1ec sc_fly_static elementor-widget elementor-widget-trx_sc_services\" data-id=\"3b3b1ec\" data-element_type=\"widget\" data-widget_type=\"trx_sc_services.default\">\n\t\t\t\t<div class=\"elementor-widget-container\">\n\t\t\t\t\t<div class=\"sc_services sc_services_default sc_services_featured_top\"><div class=\"sc_services_columns_wrap sc_item_columns sc_item_posts_container sc_item_columns_3 trx_addons_columns_wrap columns_padding_bottom columns_in_single_row\"><div class=\"trx_addons_column-1_3 trx_addons_column-1_2-tablet\"><div data-post-id=\"21249\" class=\"sc_services_item sc_item_container post_container with_content with_image sc_services_item_featured_top post-21249 cpt_services type-cpt_services status-publish has-post-thumbnail hentry cpt_services_group-sezonnie_uslugi\" data-item-number=\"1\"\n>\n\t<div class=\"post_featured with_thumb hover_link sc_services_item_thumb\"><img fetchpriority=\"high\" decoding=\"async\" width=\"890\" height=\"664\" src=\"https:\/\/abimaja.ee\/wp-content\/uploads\/2025\/06\/2110010996_resize-1-890x664.jpg\" class=\"attachment-towny-thumb-square size-towny-thumb-square wp-post-image\" alt=\"\u0423\u0431\u043e\u0440\u043a\u0430 \u0441\u043d\u0435\u0433\u0430 \u0438 \u043d\u0430\u043b\u0435\u0434\u0438 \u0441 \u043a\u0440\u044b\u0448 \u0432 \u0422\u0430\u043b\u043b\u0438\u043d\u043d\u0435\" \/>\t\t\t\t\t\t<div class=\"mask\"><\/div>\n\t\t\t\t\t\t<span class=\"sc_services_item_price\">al. 25\u202f\u20ac\/h<\/span><a class=\"post_link sc_services_item_link\" href=\"https:\/\/abimaja.ee\/ru\/services\/uborka-snega-i-naledi-s-krish\/\"><\/a>\t\t\t<a href=\"https:\/\/abimaja.ee\/ru\/services\/uborka-snega-i-naledi-s-krish\/\"  aria-hidden=\"true\" class=\"link\"><\/a>\n\t\t\t<\/div>\t\n\t<div class=\"sc_services_item_info\">\n\t\t\t\t<div class=\"sc_services_item_header\">\n\t\t\t\t\t\t<h4 class=\"sc_services_item_title entry-title\"><a href=\"https:\/\/abimaja.ee\/ru\/services\/uborka-snega-i-naledi-s-krish\/\">\u0423\u0431\u043e\u0440\u043a\u0430 \u0441\u043d\u0435\u0433\u0430 \u0438 \u043d\u0430\u043b\u0435\u0434\u0438 \u0441 \u043a\u0440\u044b\u0448 \u0432 \u0422\u0430\u043b\u043b\u0438\u043d\u043d\u0435 \u2014 \u0431\u0435\u0437 \u0440\u0438\u0441\u043a\u0430<\/a><\/h4>\n\t\t\t\t\t<\/div>\n\t\t                    <div class=\"sc_services_item_content\"><p>\u0421\u043d\u0435\u0433 \u043d\u0430 \u043a\u0440\u044b\u0448\u0435 \u2014 \u044d\u0442\u043e \u043d\u0435 \u0442\u043e\u043b\u044c\u043a\u043e \u043a\u0440\u0430\u0441\u043e\u0442\u0430, \u043d\u043e \u0438 \u043e\u043f\u0430\u0441\u043d\u043e\u0441\u0442\u044c.<br \/>\n\u0418\u0437\u0431\u044b\u0442\u043e\u0447\u043d\u044b\u0439 \u0432\u0435\u0441 \u0441\u043d\u0435\u0433\u0430 \u043c\u043e\u0436\u0435\u0442 \u0434\u0435\u0444\u043e\u0440\u043c\u0438\u0440\u043e\u0432\u0430\u0442\u044c \u043a\u043e\u043d\u0441\u0442\u0440\u0443\u043a\u0446\u0438\u044e, \u0430 \u043d\u0430\u043b\u0435\u0434\u044c \u2014 \u043f\u043e\u0432\u0440\u0435\u0434\u0438\u0442\u044c \u0432\u043e\u0434\u043e\u0441\u0442\u043e\u043a\u0438 \u0438 \u043f\u0440\u0438\u0432\u0435\u0441\u0442\u0438 \u043a \u043f\u0440\u043e\u0442\u0435\u0447\u043a\u0435.<\/p>\n<\/div><div class=\"sc_services_item_button sc_item_button\">\n            <a href=\"https:\/\/abimaja.ee\/ru\/services\/uborka-snega-i-naledi-s-krish\/\" class=\"sc_services_item_more_link\">\n                <span class=\"link_text\">\u041f\u043e\u0434\u0440\u043e\u0431\u043d\u0435\u0435<\/span><span class=\"link_icon\"><\/span>\n            <\/a>\n            <\/div><\/div>\n<\/div>\n<\/div><\/div><\/div>\t\t\t\t<\/div>\n\t\t\t\t<\/div>\n\t\t\t\t\t<\/div>\n\t\t<\/div>\n\t\t\t\t\t<\/div>\n\t\t<\/section>\n\t\t\t\t<section class=\"elementor-section elementor-top-section elementor-element elementor-element-362dbf1 elementor-section-boxed elementor-section-height-default elementor-section-height-default sc_fly_static\" data-id=\"362dbf1\" data-element_type=\"section\">\n\t\t\t\t\t\t<div class=\"elementor-container elementor-column-gap-extended\">\n\t\t\t\t\t<div class=\"elementor-column elementor-col-100 elementor-top-column elementor-element elementor-element-91570c7 sc_content_align_inherit sc_layouts_column_icons_position_left sc_fly_static\" data-id=\"91570c7\" data-element_type=\"column\">\n\t\t\t<div class=\"elementor-widget-wrap elementor-element-populated\">\n\t\t\t\t\t\t<div class=\"elementor-element elementor-element-1b53201 sc_height_huge sc_fly_static elementor-widget elementor-widget-spacer\" data-id=\"1b53201\" data-element_type=\"widget\" data-widget_type=\"spacer.default\">\n\t\t\t\t<div class=\"elementor-widget-container\">\n\t\t\t\t\t\t\t<div class=\"elementor-spacer\">\n\t\t\t<div class=\"elementor-spacer-inner\"><\/div>\n\t\t<\/div>\n\t\t\t\t\t\t<\/div>\n\t\t\t\t<\/div>\n\t\t\t\t\t<\/div>\n\t\t<\/div>\n\t\t\t\t\t<\/div>\n\t\t<\/section>\n\t\t\t\t<\/div>\n\t\t","protected":false},"excerpt":{"rendered":"<p>Lumekoristus ning j\u00e4\u00e4purikate eemaldamine katustelt Lumi katusel v\u00f5ib olla ilus, aga see on ka ohtlik. Liigne lumekoormus v\u00f5ib kahjustada katust, j\u00e4\u00e4purikad ohustavad m\u00f6\u00f6dujaid ja veekahjustused v\u00f5ivad tekitada kulukaid remonte. \u041f\u043e\u0434\u0440\u043e\u0431\u043d\u0435\u0435<\/p>\n","protected":false},"author":1,"featured_media":22010,"parent":0,"menu_order":0,"comment_status":"closed","ping_status":"closed","template":"","meta":{"footnotes":""},"class_list":["post-21552","page","type-page","status-publish","has-post-thumbnail","hentry"],"yoast_head":"<!-- This site is optimized with the Yoast SEO plugin v26.3 - https:\/\/yoast.com\/wordpress\/plugins\/seo\/ -->\n<title>\u0421\u0435\u0437\u043e\u043d\u043d\u044b\u0435 \u0438 \u0437\u0438\u043c\u043d\u0438\u0435 \u0443\u0441\u043b\u0443\u0433\u0438: \u0443\u0431\u043e\u0440\u043a\u0430 \u0441\u043d\u0435\u0433\u0430 \u0438 \u0434\u0440\u0443\u0433\u043e\u0435 | Abimaja<\/title>\n<meta name=\"description\" content=\"\u0423\u0431\u043e\u0440\u043a\u0430 \u0441\u043d\u0435\u0433\u0430, \u043f\u043e\u0434\u0433\u043e\u0442\u043e\u0432\u043a\u0430 \u0443\u0447\u0430\u0441\u0442\u043a\u0430 \u043a \u0437\u0438\u043c\u0435, \u0441\u0435\u0437\u043e\u043d\u043d\u044b\u0435 \u0440\u0430\u0431\u043e\u0442\u044b - \u0443\u0434\u043e\u0431\u043d\u044b\u0439 \u0437\u0430\u043a\u0430\u0437 \u0443\u0441\u043b\u0443\u0433 \u0432 Abimaja.\" \/>\n<meta name=\"robots\" content=\"index, follow, max-snippet:-1, max-image-preview:large, max-video-preview:-1\" \/>\n<link rel=\"canonical\" href=\"https:\/\/abimaja.ee\/ru\/zima-i-sezonnie-uslugi\/\" \/>\n<meta property=\"og:locale\" content=\"ru_RU\" \/>\n<meta property=\"og:type\" content=\"article\" \/>\n<meta property=\"og:title\" content=\"\u0421\u0435\u0437\u043e\u043d\u043d\u044b\u0435 \u0438 \u0437\u0438\u043c\u043d\u0438\u0435 \u0443\u0441\u043b\u0443\u0433\u0438: \u0443\u0431\u043e\u0440\u043a\u0430 \u0441\u043d\u0435\u0433\u0430 \u0438 \u0434\u0440\u0443\u0433\u043e\u0435 | Abimaja\" \/>\n<meta property=\"og:description\" content=\"\u0423\u0431\u043e\u0440\u043a\u0430 \u0441\u043d\u0435\u0433\u0430, \u043f\u043e\u0434\u0433\u043e\u0442\u043e\u0432\u043a\u0430 \u0443\u0447\u0430\u0441\u0442\u043a\u0430 \u043a \u0437\u0438\u043c\u0435, \u0441\u0435\u0437\u043e\u043d\u043d\u044b\u0435 \u0440\u0430\u0431\u043e\u0442\u044b - \u0443\u0434\u043e\u0431\u043d\u044b\u0439 \u0437\u0430\u043a\u0430\u0437 \u0443\u0441\u043b\u0443\u0433 \u0432 Abimaja.\" \/>\n<meta property=\"og:url\" content=\"https:\/\/abimaja.ee\/ru\/zima-i-sezonnie-uslugi\/\" \/>\n<meta property=\"og:site_name\" content=\"Abimaja\" \/>\n<meta property=\"article:modified_time\" content=\"2025-11-18T16:43:58+00:00\" \/>\n<meta property=\"og:image\" content=\"https:\/\/abimaja.ee\/wp-content\/uploads\/2025\/07\/talv.jpg\" \/>\n\t<meta property=\"og:image:width\" content=\"1920\" \/>\n\t<meta property=\"og:image:height\" content=\"1280\" \/>\n\t<meta property=\"og:image:type\" content=\"image\/jpeg\" \/>\n<meta name=\"twitter:card\" content=\"summary_large_image\" \/>\n<meta name=\"twitter:label1\" content=\"\u041f\u0440\u0438\u043c\u0435\u0440\u043d\u043e\u0435 \u0432\u0440\u0435\u043c\u044f \u0434\u043b\u044f \u0447\u0442\u0435\u043d\u0438\u044f\" \/>\n\t<meta name=\"twitter:data1\" content=\"1 \u043c\u0438\u043d\u0443\u0442\u0430\" \/>\n<script type=\"application\/ld+json\" class=\"yoast-schema-graph\">{\"@context\":\"https:\/\/schema.org\",\"@graph\":[{\"@type\":\"WebPage\",\"@id\":\"https:\/\/abimaja.ee\/ru\/zima-i-sezonnie-uslugi\/\",\"url\":\"https:\/\/abimaja.ee\/ru\/zima-i-sezonnie-uslugi\/\",\"name\":\"\u0421\u0435\u0437\u043e\u043d\u043d\u044b\u0435 \u0438 \u0437\u0438\u043c\u043d\u0438\u0435 \u0443\u0441\u043b\u0443\u0433\u0438: \u0443\u0431\u043e\u0440\u043a\u0430 \u0441\u043d\u0435\u0433\u0430 \u0438 \u0434\u0440\u0443\u0433\u043e\u0435 | Abimaja\",\"isPartOf\":{\"@id\":\"https:\/\/abimaja.ee\/ru\/#website\"},\"primaryImageOfPage\":{\"@id\":\"https:\/\/abimaja.ee\/ru\/zima-i-sezonnie-uslugi\/#primaryimage\"},\"image\":{\"@id\":\"https:\/\/abimaja.ee\/ru\/zima-i-sezonnie-uslugi\/#primaryimage\"},\"thumbnailUrl\":\"https:\/\/abimaja.ee\/wp-content\/uploads\/2025\/07\/talv.jpg\",\"datePublished\":\"2025-07-03T14:33:01+00:00\",\"dateModified\":\"2025-11-18T16:43:58+00:00\",\"description\":\"\u0423\u0431\u043e\u0440\u043a\u0430 \u0441\u043d\u0435\u0433\u0430, \u043f\u043e\u0434\u0433\u043e\u0442\u043e\u0432\u043a\u0430 \u0443\u0447\u0430\u0441\u0442\u043a\u0430 \u043a \u0437\u0438\u043c\u0435, \u0441\u0435\u0437\u043e\u043d\u043d\u044b\u0435 \u0440\u0430\u0431\u043e\u0442\u044b - \u0443\u0434\u043e\u0431\u043d\u044b\u0439 \u0437\u0430\u043a\u0430\u0437 \u0443\u0441\u043b\u0443\u0433 \u0432 Abimaja.\",\"breadcrumb\":{\"@id\":\"https:\/\/abimaja.ee\/ru\/zima-i-sezonnie-uslugi\/#breadcrumb\"},\"inLanguage\":\"ru-RU\",\"potentialAction\":[{\"@type\":\"ReadAction\",\"target\":[\"https:\/\/abimaja.ee\/ru\/zima-i-sezonnie-uslugi\/\"]}]},{\"@type\":\"ImageObject\",\"inLanguage\":\"ru-RU\",\"@id\":\"https:\/\/abimaja.ee\/ru\/zima-i-sezonnie-uslugi\/#primaryimage\",\"url\":\"https:\/\/abimaja.ee\/wp-content\/uploads\/2025\/07\/talv.jpg\",\"contentUrl\":\"https:\/\/abimaja.ee\/wp-content\/uploads\/2025\/07\/talv.jpg\",\"width\":1920,\"height\":1280,\"caption\":\"Communal services worker industrial climber removes snow from the building roof in winter. Cleaning city streets, roads and buillding roofs after snow storm in Moscow, Russia\"},{\"@type\":\"BreadcrumbList\",\"@id\":\"https:\/\/abimaja.ee\/ru\/zima-i-sezonnie-uslugi\/#breadcrumb\",\"itemListElement\":[{\"@type\":\"ListItem\",\"position\":1,\"name\":\"Home\",\"item\":\"https:\/\/abimaja.ee\/ru\/\"},{\"@type\":\"ListItem\",\"position\":2,\"name\":\"\u0417\u0438\u043c\u0430 \u0438 \u0441\u0435\u0437\u043e\u043d\u043d\u044b\u0435 \u0443\u0441\u043b\u0443\u0433\u0438\"}]},{\"@type\":\"WebSite\",\"@id\":\"https:\/\/abimaja.ee\/ru\/#website\",\"url\":\"https:\/\/abimaja.ee\/ru\/\",\"name\":\"Abimaja\",\"description\":\"Outdoor &amp; Home Services WordPress Theme\",\"publisher\":{\"@id\":\"https:\/\/abimaja.ee\/ru\/#organization\"},\"potentialAction\":[{\"@type\":\"SearchAction\",\"target\":{\"@type\":\"EntryPoint\",\"urlTemplate\":\"https:\/\/abimaja.ee\/ru\/?s={search_term_string}\"},\"query-input\":{\"@type\":\"PropertyValueSpecification\",\"valueRequired\":true,\"valueName\":\"search_term_string\"}}],\"inLanguage\":\"ru-RU\"},{\"@type\":\"Organization\",\"@id\":\"https:\/\/abimaja.ee\/ru\/#organization\",\"name\":\"Abimaja\",\"url\":\"https:\/\/abimaja.ee\/ru\/\",\"logo\":{\"@type\":\"ImageObject\",\"inLanguage\":\"ru-RU\",\"@id\":\"https:\/\/abimaja.ee\/ru\/#\/schema\/logo\/image\/\",\"url\":\"https:\/\/abimaja.ee\/wp-content\/uploads\/2025\/07\/v2abimajablack.png\",\"contentUrl\":\"https:\/\/abimaja.ee\/wp-content\/uploads\/2025\/07\/v2abimajablack.png\",\"width\":260,\"height\":30,\"caption\":\"Abimaja\"},\"image\":{\"@id\":\"https:\/\/abimaja.ee\/ru\/#\/schema\/logo\/image\/\"}}]}<\/script>\n<!-- \/ Yoast SEO plugin. -->","yoast_head_json":{"title":"\u0421\u0435\u0437\u043e\u043d\u043d\u044b\u0435 \u0438 \u0437\u0438\u043c\u043d\u0438\u0435 \u0443\u0441\u043b\u0443\u0433\u0438: \u0443\u0431\u043e\u0440\u043a\u0430 \u0441\u043d\u0435\u0433\u0430 \u0438 \u0434\u0440\u0443\u0433\u043e\u0435 | Abimaja","description":"\u0423\u0431\u043e\u0440\u043a\u0430 \u0441\u043d\u0435\u0433\u0430, \u043f\u043e\u0434\u0433\u043e\u0442\u043e\u0432\u043a\u0430 \u0443\u0447\u0430\u0441\u0442\u043a\u0430 \u043a \u0437\u0438\u043c\u0435, \u0441\u0435\u0437\u043e\u043d\u043d\u044b\u0435 \u0440\u0430\u0431\u043e\u0442\u044b - \u0443\u0434\u043e\u0431\u043d\u044b\u0439 \u0437\u0430\u043a\u0430\u0437 \u0443\u0441\u043b\u0443\u0433 \u0432 Abimaja.","robots":{"index":"index","follow":"follow","max-snippet":"max-snippet:-1","max-image-preview":"max-image-preview:large","max-video-preview":"max-video-preview:-1"},"canonical":"https:\/\/abimaja.ee\/ru\/zima-i-sezonnie-uslugi\/","og_locale":"ru_RU","og_type":"article","og_title":"\u0421\u0435\u0437\u043e\u043d\u043d\u044b\u0435 \u0438 \u0437\u0438\u043c\u043d\u0438\u0435 \u0443\u0441\u043b\u0443\u0433\u0438: \u0443\u0431\u043e\u0440\u043a\u0430 \u0441\u043d\u0435\u0433\u0430 \u0438 \u0434\u0440\u0443\u0433\u043e\u0435 | Abimaja","og_description":"\u0423\u0431\u043e\u0440\u043a\u0430 \u0441\u043d\u0435\u0433\u0430, \u043f\u043e\u0434\u0433\u043e\u0442\u043e\u0432\u043a\u0430 \u0443\u0447\u0430\u0441\u0442\u043a\u0430 \u043a \u0437\u0438\u043c\u0435, \u0441\u0435\u0437\u043e\u043d\u043d\u044b\u0435 \u0440\u0430\u0431\u043e\u0442\u044b - \u0443\u0434\u043e\u0431\u043d\u044b\u0439 \u0437\u0430\u043a\u0430\u0437 \u0443\u0441\u043b\u0443\u0433 \u0432 Abimaja.","og_url":"https:\/\/abimaja.ee\/ru\/zima-i-sezonnie-uslugi\/","og_site_name":"Abimaja","article_modified_time":"2025-11-18T16:43:58+00:00","og_image":[{"width":1920,"height":1280,"url":"https:\/\/abimaja.ee\/wp-content\/uploads\/2025\/07\/talv.jpg","type":"image\/jpeg"}],"twitter_card":"summary_large_image","twitter_misc":{"\u041f\u0440\u0438\u043c\u0435\u0440\u043d\u043e\u0435 \u0432\u0440\u0435\u043c\u044f \u0434\u043b\u044f \u0447\u0442\u0435\u043d\u0438\u044f":"1 \u043c\u0438\u043d\u0443\u0442\u0430"},"schema":{"@context":"https:\/\/schema.org","@graph":[{"@type":"WebPage","@id":"https:\/\/abimaja.ee\/ru\/zima-i-sezonnie-uslugi\/","url":"https:\/\/abimaja.ee\/ru\/zima-i-sezonnie-uslugi\/","name":"\u0421\u0435\u0437\u043e\u043d\u043d\u044b\u0435 \u0438 \u0437\u0438\u043c\u043d\u0438\u0435 \u0443\u0441\u043b\u0443\u0433\u0438: \u0443\u0431\u043e\u0440\u043a\u0430 \u0441\u043d\u0435\u0433\u0430 \u0438 \u0434\u0440\u0443\u0433\u043e\u0435 | Abimaja","isPartOf":{"@id":"https:\/\/abimaja.ee\/ru\/#website"},"primaryImageOfPage":{"@id":"https:\/\/abimaja.ee\/ru\/zima-i-sezonnie-uslugi\/#primaryimage"},"image":{"@id":"https:\/\/abimaja.ee\/ru\/zima-i-sezonnie-uslugi\/#primaryimage"},"thumbnailUrl":"https:\/\/abimaja.ee\/wp-content\/uploads\/2025\/07\/talv.jpg","datePublished":"2025-07-03T14:33:01+00:00","dateModified":"2025-11-18T16:43:58+00:00","description":"\u0423\u0431\u043e\u0440\u043a\u0430 \u0441\u043d\u0435\u0433\u0430, \u043f\u043e\u0434\u0433\u043e\u0442\u043e\u0432\u043a\u0430 \u0443\u0447\u0430\u0441\u0442\u043a\u0430 \u043a \u0437\u0438\u043c\u0435, \u0441\u0435\u0437\u043e\u043d\u043d\u044b\u0435 \u0440\u0430\u0431\u043e\u0442\u044b - \u0443\u0434\u043e\u0431\u043d\u044b\u0439 \u0437\u0430\u043a\u0430\u0437 \u0443\u0441\u043b\u0443\u0433 \u0432 Abimaja.","breadcrumb":{"@id":"https:\/\/abimaja.ee\/ru\/zima-i-sezonnie-uslugi\/#breadcrumb"},"inLanguage":"ru-RU","potentialAction":[{"@type":"ReadAction","target":["https:\/\/abimaja.ee\/ru\/zima-i-sezonnie-uslugi\/"]}]},{"@type":"ImageObject","inLanguage":"ru-RU","@id":"https:\/\/abimaja.ee\/ru\/zima-i-sezonnie-uslugi\/#primaryimage","url":"https:\/\/abimaja.ee\/wp-content\/uploads\/2025\/07\/talv.jpg","contentUrl":"https:\/\/abimaja.ee\/wp-content\/uploads\/2025\/07\/talv.jpg","width":1920,"height":1280,"caption":"Communal services worker industrial climber removes snow from the building roof in winter. Cleaning city streets, roads and buillding roofs after snow storm in Moscow, Russia"},{"@type":"BreadcrumbList","@id":"https:\/\/abimaja.ee\/ru\/zima-i-sezonnie-uslugi\/#breadcrumb","itemListElement":[{"@type":"ListItem","position":1,"name":"Home","item":"https:\/\/abimaja.ee\/ru\/"},{"@type":"ListItem","position":2,"name":"\u0417\u0438\u043c\u0430 \u0438 \u0441\u0435\u0437\u043e\u043d\u043d\u044b\u0435 \u0443\u0441\u043b\u0443\u0433\u0438"}]},{"@type":"WebSite","@id":"https:\/\/abimaja.ee\/ru\/#website","url":"https:\/\/abimaja.ee\/ru\/","name":"Abimaja","description":"Outdoor &amp; Home Services WordPress Theme","publisher":{"@id":"https:\/\/abimaja.ee\/ru\/#organization"},"potentialAction":[{"@type":"SearchAction","target":{"@type":"EntryPoint","urlTemplate":"https:\/\/abimaja.ee\/ru\/?s={search_term_string}"},"query-input":{"@type":"PropertyValueSpecification","valueRequired":true,"valueName":"search_term_string"}}],"inLanguage":"ru-RU"},{"@type":"Organization","@id":"https:\/\/abimaja.ee\/ru\/#organization","name":"Abimaja","url":"https:\/\/abimaja.ee\/ru\/","logo":{"@type":"ImageObject","inLanguage":"ru-RU","@id":"https:\/\/abimaja.ee\/ru\/#\/schema\/logo\/image\/","url":"https:\/\/abimaja.ee\/wp-content\/uploads\/2025\/07\/v2abimajablack.png","contentUrl":"https:\/\/abimaja.ee\/wp-content\/uploads\/2025\/07\/v2abimajablack.png","width":260,"height":30,"caption":"Abimaja"},"image":{"@id":"https:\/\/abimaja.ee\/ru\/#\/schema\/logo\/image\/"}}]}},"_links":{"self":[{"href":"https:\/\/abimaja.ee\/ru\/wp-json\/wp\/v2\/pages\/21552","targetHints":{"allow":["GET"]}}],"collection":[{"href":"https:\/\/abimaja.ee\/ru\/wp-json\/wp\/v2\/pages"}],"about":[{"href":"https:\/\/abimaja.ee\/ru\/wp-json\/wp\/v2\/types\/page"}],"author":[{"embeddable":true,"href":"https:\/\/abimaja.ee\/ru\/wp-json\/wp\/v2\/users\/1"}],"replies":[{"embeddable":true,"href":"https:\/\/abimaja.ee\/ru\/wp-json\/wp\/v2\/comments?post=21552"}],"version-history":[{"count":0,"href":"https:\/\/abimaja.ee\/ru\/wp-json\/wp\/v2\/pages\/21552\/revisions"}],"wp:featuredmedia":[{"embeddable":true,"href":"https:\/\/abimaja.ee\/ru\/wp-json\/wp\/v2\/media\/22010"}],"wp:attachment":[{"href":"https:\/\/abimaja.ee\/ru\/wp-json\/wp\/v2\/media?parent=21552"}],"curies":[{"name":"wp","href":"https:\/\/api.w.org\/{rel}","templated":true}]}}